{"id":310,"date":"2023-11-16T12:30:48","date_gmt":"2023-11-16T11:30:48","guid":{"rendered":"https:\/\/distracted-chebyshev.93-93-112-57.plesk.page\/?page_id=310"},"modified":"2024-07-10T11:02:05","modified_gmt":"2024-07-10T09:02:05","slug":"formacion","status":"publish","type":"page","link":"https:\/\/distracted-chebyshev.93-93-112-57.plesk.page\/en\/formacion\/","title":{"rendered":"Training"},"content":{"rendered":"<div data-elementor-type=\"wp-page\" data-elementor-id=\"310\" class=\"elementor elementor-310\" data-elementor-post-type=\"page\">\n\t\t\t\t<div class=\"elementor-element elementor-element-4c118bd e-flex e-con-boxed e-con e-parent\" data-id=\"4c118bd\" data-element_type=\"container\" data-settings=\"{&quot;jet_parallax_layout_list&quot;:[]}\">\n\t\t\t\t\t<div class=\"e-con-inner\">\n\t\t<div class=\"elementor-element elementor-element-9430a91 e-flex e-con-boxed e-con e-child\" data-id=\"9430a91\" data-element_type=\"container\" data-settings=\"{&quot;background_background&quot;:&quot;classic&quot;,&quot;jet_parallax_layout_list&quot;:[]}\">\n\t\t\t\t\t<div class=\"e-con-inner\">\n\t\t<div class=\"elementor-element elementor-element-a6233ff e-con-full e-flex e-con e-child\" data-id=\"a6233ff\" data-element_type=\"container\" data-settings=\"{&quot;jet_parallax_layout_list&quot;:[]}\">\n\t\t\t\t<\/div>\n\t\t\t\t\t<\/div>\n\t\t\t\t<\/div>\n\t\t\t\t\t<\/div>\n\t\t\t\t<\/div>\n\t\t<div class=\"elementor-element elementor-element-ea0c8d2 e-flex e-con-boxed e-con e-parent\" data-id=\"ea0c8d2\" data-element_type=\"container\" data-settings=\"{&quot;jet_parallax_layout_list&quot;:[]}\">\n\t\t\t\t\t<div class=\"e-con-inner\">\n\t\t<div class=\"elementor-element elementor-element-726d1bf e-flex e-con-boxed e-con e-child\" data-id=\"726d1bf\" data-element_type=\"container\" data-settings=\"{&quot;background_background&quot;:&quot;classic&quot;,&quot;jet_parallax_layout_list&quot;:[]}\">\n\t\t\t\t\t<div class=\"e-con-inner\">\n\t\t\t\t<div class=\"elementor-element elementor-element-3c5f07a migas-de-pan elementor-widget elementor-widget-shortcode\" data-id=\"3c5f07a\" data-element_type=\"widget\" data-widget_type=\"shortcode.default\">\n\t\t\t\t<div class=\"elementor-widget-container\">\n\t\t\t\t\t\t\t<div class=\"elementor-shortcode\">[rank_math_breadcrumb]<\/div>\n\t\t\t\t\t\t<\/div>\n\t\t\t\t<\/div>\n\t\t\t\t\t<\/div>\n\t\t\t\t<\/div>\n\t\t\t\t\t<\/div>\n\t\t\t\t<\/div>\n\t\t<div class=\"elementor-element elementor-element-d537075 e-flex e-con-boxed e-con e-parent\" data-id=\"d537075\" data-element_type=\"container\" data-settings=\"{&quot;jet_parallax_layout_list&quot;:[]}\">\n\t\t\t\t\t<div class=\"e-con-inner\">\n\t\t\t\t<div class=\"elementor-element elementor-element-6fe2db6 elementor-widget elementor-widget-heading\" data-id=\"6fe2db6\" data-element_type=\"widget\" data-widget_type=\"heading.default\">\n\t\t\t\t<div class=\"elementor-widget-container\">\n\t\t\t\t\t<h2 class=\"elementor-heading-title elementor-size-default\">Training<\/h2>\t\t\t\t<\/div>\n\t\t\t\t<\/div>\n\t\t\t\t<div class=\"elementor-element elementor-element-d1b838d elementor-widget__width-initial elementor-widget elementor-widget-text-editor\" data-id=\"d1b838d\" data-element_type=\"widget\" data-widget_type=\"text-editor.default\">\n\t\t\t\t<div class=\"elementor-widget-container\">\n\t\t\t\t\t\t\t\t\t<p class=\"cmParagraph\">La formaci\u00f3n en Prevenci\u00f3n de Riesgos Laborales es una de las herramientas principales de las que disponen las empresas para cuidar de la seguridad y salud de sus trabajadores, motivando el conocimiento y la experiencia sobre los riesgos a los que se pueden ver expuestos en el desarrollo de su actividad profesional.<\/p><p>\u00a0<\/p><p class=\"cmParagraph\">La elecci\u00f3n del curso id\u00f3neo en cuanto a contenido y modalidad formativa, puede resultar determinante en la prevenci\u00f3n de posibles accidentes, e influir de manera muy positiva en la cultura preventiva de la compa\u00f1\u00eda.<\/p>\t\t\t\t\t\t\t\t<\/div>\n\t\t\t\t<\/div>\n\t\t\t\t\t<\/div>\n\t\t\t\t<\/div>\n\t\t<div class=\"elementor-element elementor-element-3b82403 e-grid e-con-boxed e-con e-parent\" data-id=\"3b82403\" data-element_type=\"container\" data-settings=\"{&quot;jet_parallax_layout_list&quot;:[]}\">\n\t\t\t\t\t<div class=\"e-con-inner\">\n\t\t<div class=\"elementor-element elementor-element-1d7cbca e-flex e-con-boxed e-con e-child\" data-id=\"1d7cbca\" data-element_type=\"container\" data-settings=\"{&quot;background_background&quot;:&quot;classic&quot;,&quot;jet_parallax_layout_list&quot;:[]}\">\n\t\t\t\t\t<div class=\"e-con-inner\">\n\t\t<div class=\"elementor-element elementor-element-b9deef1 e-con-full e-flex e-con e-child\" data-id=\"b9deef1\" data-element_type=\"container\" data-settings=\"{&quot;jet_parallax_layout_list&quot;:[]}\">\n\t\t\t\t<div class=\"elementor-element elementor-element-6cdc539 elementor-widget elementor-widget-heading\" data-id=\"6cdc539\" data-element_type=\"widget\" data-widget_type=\"heading.default\">\n\t\t\t\t<div class=\"elementor-widget-container\">\n\t\t\t\t\t<h3 class=\"elementor-heading-title elementor-size-default\">Accede a nuestro cat\u00e1logo\n<\/h3>\t\t\t\t<\/div>\n\t\t\t\t<\/div>\n\t\t\t\t<\/div>\n\t\t<div class=\"elementor-element elementor-element-b231b0c e-con-full e-flex e-con e-child\" data-id=\"b231b0c\" data-element_type=\"container\" data-settings=\"{&quot;jet_parallax_layout_list&quot;:[]}\">\n\t\t\t\t<div class=\"elementor-element elementor-element-0b040fa elementor-widget elementor-widget-text-editor\" data-id=\"0b040fa\" data-element_type=\"widget\" data-widget_type=\"text-editor.default\">\n\t\t\t\t<div class=\"elementor-widget-container\">\n\t\t\t\t\t\t\t\t\t<p>En nuestro cat\u00e1logo, podr\u00e1s encontrar los cursos que tenemos ya dise\u00f1ados para cada necesidad formativa. Busca el curso que mejor se adapte a tus necesidades.<\/p>\t\t\t\t\t\t\t\t<\/div>\n\t\t\t\t<\/div>\n\t\t\t\t<div class=\"elementor-element elementor-element-b34e381 elementor-align-left elementor-widget elementor-widget-button\" data-id=\"b34e381\" data-element_type=\"widget\" data-widget_type=\"button.default\">\n\t\t\t\t<div class=\"elementor-widget-container\">\n\t\t\t\t\t\t\t\t\t<div class=\"elementor-button-wrapper\">\n\t\t\t\t\t<a class=\"elementor-button elementor-button-link elementor-size-sm\" href=\"#\">\n\t\t\t\t\t\t<span class=\"elementor-button-content-wrapper\">\n\t\t\t\t\t\t<span class=\"elementor-button-icon\">\n\t\t\t\t<svg aria-hidden=\"true\" class=\"e-font-icon-svg e-fas-chevron-right\" viewbox=\"0 0 320 512\" xmlns=\"http:\/\/www.w3.org\/2000\/svg\"><path d=\"M285.476 272.971L91.132 467.314c-9.373 9.373-24.569 9.373-33.941 0l-22.667-22.667c-9.357-9.357-9.375-24.522-.04-33.901L188.505 256 34.484 101.255c-9.335-9.379-9.317-24.544.04-33.901l22.667-22.667c9.373-9.373 24.569-9.373 33.941 0L285.475 239.03c9.373 9.372 9.373 24.568.001 33.941z\"><\/path><\/svg>\t\t\t<\/span>\n\t\t\t\t\t\t\t\t\t<span class=\"elementor-button-text\">Encuentra el tuyo e inscr\u00edbete<\/span>\n\t\t\t\t\t<\/span>\n\t\t\t\t\t<\/a>\n\t\t\t\t<\/div>\n\t\t\t\t\t\t\t\t<\/div>\n\t\t\t\t<\/div>\n\t\t\t\t<\/div>\n\t\t\t\t\t<\/div>\n\t\t\t\t<\/div>\n\t\t<div class=\"elementor-element elementor-element-257ebaa e-flex e-con-boxed e-con e-child\" data-id=\"257ebaa\" data-element_type=\"container\" data-settings=\"{&quot;background_background&quot;:&quot;classic&quot;,&quot;jet_parallax_layout_list&quot;:[]}\">\n\t\t\t\t\t<div class=\"e-con-inner\">\n\t\t<div class=\"elementor-element elementor-element-a74c4bd e-con-full e-flex e-con e-child\" data-id=\"a74c4bd\" data-element_type=\"container\" data-settings=\"{&quot;jet_parallax_layout_list&quot;:[]}\">\n\t\t\t\t<div class=\"elementor-element elementor-element-c624a68 elementor-widget elementor-widget-heading\" data-id=\"c624a68\" data-element_type=\"widget\" data-widget_type=\"heading.default\">\n\t\t\t\t<div class=\"elementor-widget-container\">\n\t\t\t\t\t<h3 class=\"elementor-heading-title elementor-size-default\">Formaciones programadas<\/h3>\t\t\t\t<\/div>\n\t\t\t\t<\/div>\n\t\t\t\t<\/div>\n\t\t<div class=\"elementor-element elementor-element-95e0fde e-con-full e-flex e-con e-child\" data-id=\"95e0fde\" data-element_type=\"container\" data-settings=\"{&quot;jet_parallax_layout_list&quot;:[]}\">\n\t\t\t\t<div class=\"elementor-element elementor-element-6bdf327 elementor-widget elementor-widget-text-editor\" data-id=\"6bdf327\" data-element_type=\"widget\" data-widget_type=\"text-editor.default\">\n\t\t\t\t<div class=\"elementor-widget-container\">\n\t\t\t\t\t\t\t\t\t<p class=\"cmParagraph\">Consulta nuestro calendario de formaciones:<\/p><ul><li>Nivel b\u00e1sico de prevenci\u00f3n<\/li><li>Formaci\u00f3n de puesto de trabajo<\/li><li>Formaci\u00f3n de Convenios: Construcci\u00f3n, Metal, Madera, Vidrio y Ferralla.<\/li><li>Practical training<\/li><li>Medicina y promoci\u00f3n de la salud<\/li><li>Seguridad en el trabajo<\/li><li>Higiene industrial<\/li><li>Ergonom\u00eda y Psicosociolog\u00eda Aplicada<\/li><li>Seguridad y salud en sectores de actividad<\/li><\/ul>\t\t\t\t\t\t\t\t<\/div>\n\t\t\t\t<\/div>\n\t\t\t\t<div class=\"elementor-element elementor-element-653ed13 elementor-align-left elementor-widget elementor-widget-button\" data-id=\"653ed13\" data-element_type=\"widget\" data-widget_type=\"button.default\">\n\t\t\t\t<div class=\"elementor-widget-container\">\n\t\t\t\t\t\t\t\t\t<div class=\"elementor-button-wrapper\">\n\t\t\t\t\t<a class=\"elementor-button elementor-button-link elementor-size-sm\" href=\"#\">\n\t\t\t\t\t\t<span class=\"elementor-button-content-wrapper\">\n\t\t\t\t\t\t<span class=\"elementor-button-icon\">\n\t\t\t\t<svg aria-hidden=\"true\" class=\"e-font-icon-svg e-fas-chevron-right\" viewbox=\"0 0 320 512\" xmlns=\"http:\/\/www.w3.org\/2000\/svg\"><path d=\"M285.476 272.971L91.132 467.314c-9.373 9.373-24.569 9.373-33.941 0l-22.667-22.667c-9.357-9.357-9.375-24.522-.04-33.901L188.505 256 34.484 101.255c-9.335-9.379-9.317-24.544.04-33.901l22.667-22.667c9.373-9.373 24.569-9.373 33.941 0L285.475 239.03c9.373 9.372 9.373 24.568.001 33.941z\"><\/path><\/svg>\t\t\t<\/span>\n\t\t\t\t\t\t\t\t\t<span class=\"elementor-button-text\">Env\u00edanos tu solicitud<\/span>\n\t\t\t\t\t<\/span>\n\t\t\t\t\t<\/a>\n\t\t\t\t<\/div>\n\t\t\t\t\t\t\t\t<\/div>\n\t\t\t\t<\/div>\n\t\t\t\t<\/div>\n\t\t\t\t\t<\/div>\n\t\t\t\t<\/div>\n\t\t<div class=\"elementor-element elementor-element-fc9d07c e-flex e-con-boxed e-con e-child\" data-id=\"fc9d07c\" data-element_type=\"container\" data-settings=\"{&quot;background_background&quot;:&quot;classic&quot;,&quot;jet_parallax_layout_list&quot;:[]}\">\n\t\t\t\t\t<div class=\"e-con-inner\">\n\t\t<div class=\"elementor-element elementor-element-b630a42 e-con-full e-flex e-con e-child\" data-id=\"b630a42\" data-element_type=\"container\" data-settings=\"{&quot;jet_parallax_layout_list&quot;:[]}\">\n\t\t\t\t<div class=\"elementor-element elementor-element-c94ed90 elementor-widget elementor-widget-heading\" data-id=\"c94ed90\" data-element_type=\"widget\" data-widget_type=\"heading.default\">\n\t\t\t\t<div class=\"elementor-widget-container\">\n\t\t\t\t\t<h3 class=\"elementor-heading-title elementor-size-default\">Tu formaci\u00f3n a medida\n<\/h3>\t\t\t\t<\/div>\n\t\t\t\t<\/div>\n\t\t\t\t<\/div>\n\t\t<div class=\"elementor-element elementor-element-3be79a8 e-con-full e-flex e-con e-child\" data-id=\"3be79a8\" data-element_type=\"container\" data-settings=\"{&quot;jet_parallax_layout_list&quot;:[]}\">\n\t\t\t\t<div class=\"elementor-element elementor-element-7c7bbb1 elementor-widget elementor-widget-text-editor\" data-id=\"7c7bbb1\" data-element_type=\"widget\" data-widget_type=\"text-editor.default\">\n\t\t\t\t<div class=\"elementor-widget-container\">\n\t\t\t\t\t\t\t\t\t<p class=\"cmParagraph\">Si no encuentras el curso que necesitas cont\u00e1ctanos y dise\u00f1amos tu formaci\u00f3n a medida:\u00a0<\/p><p>\u00a0<\/p><p class=\"cmParagraph\"><a title=\"Este enlace se abrir\u00e1 en una ventana nueva\" href=\"mailto:contacto@quironprevencion.com\" target=\"_blank\" rel=\"noopener\">contacto@quironprevencion.com<\/a><\/p><p>\u00a0<\/p><p class=\"cmParagraph\">\u00a1Escr\u00edbenos!<\/p>\t\t\t\t\t\t\t\t<\/div>\n\t\t\t\t<\/div>\n\t\t\t\t<\/div>\n\t\t\t\t\t<\/div>\n\t\t\t\t<\/div>\n\t\t\t\t\t<\/div>\n\t\t\t\t<\/div>\n\t\t\t\t<\/div>","protected":false},"excerpt":{"rendered":"<p>[rank_math_breadcrumb] Formaci\u00f3n La formaci\u00f3n en Prevenci\u00f3n de Riesgos Laborales es una de las herramientas principales de las que disponen las empresas para cuidar de la seguridad y salud de sus trabajadores, motivando el conocimiento y la experiencia sobre los riesgos a los que se pueden ver expuestos en el desarrollo de su actividad profesional. \u00a0 [&hellip;]<\/p>","protected":false},"author":1,"featured_media":6611,"parent":0,"menu_order":0,"comment_status":"closed","ping_status":"closed","template":"","meta":{"_jf_save_progress":"","footnotes":""},"class_list":["post-310","page","type-page","status-publish","has-post-thumbnail","hentry"],"_links":{"self":[{"href":"https:\/\/distracted-chebyshev.93-93-112-57.plesk.page\/en\/wp-json\/wp\/v2\/pages\/310","targetHints":{"allow":["GET"]}}],"collection":[{"href":"https:\/\/distracted-chebyshev.93-93-112-57.plesk.page\/en\/wp-json\/wp\/v2\/pages"}],"about":[{"href":"https:\/\/distracted-chebyshev.93-93-112-57.plesk.page\/en\/wp-json\/wp\/v2\/types\/page"}],"author":[{"embeddable":true,"href":"https:\/\/distracted-chebyshev.93-93-112-57.plesk.page\/en\/wp-json\/wp\/v2\/users\/1"}],"replies":[{"embeddable":true,"href":"https:\/\/distracted-chebyshev.93-93-112-57.plesk.page\/en\/wp-json\/wp\/v2\/comments?post=310"}],"version-history":[{"count":34,"href":"https:\/\/distracted-chebyshev.93-93-112-57.plesk.page\/en\/wp-json\/wp\/v2\/pages\/310\/revisions"}],"predecessor-version":[{"id":6617,"href":"https:\/\/distracted-chebyshev.93-93-112-57.plesk.page\/en\/wp-json\/wp\/v2\/pages\/310\/revisions\/6617"}],"wp:featuredmedia":[{"embeddable":true,"href":"https:\/\/distracted-chebyshev.93-93-112-57.plesk.page\/en\/wp-json\/wp\/v2\/media\/6611"}],"wp:attachment":[{"href":"https:\/\/distracted-chebyshev.93-93-112-57.plesk.page\/en\/wp-json\/wp\/v2\/media?parent=310"}],"curies":[{"name":"wp","href":"https:\/\/api.w.org\/{rel}","templated":true}]}}