{"id":367,"date":"2023-11-16T17:12:18","date_gmt":"2023-11-16T16:12:18","guid":{"rendered":"https:\/\/distracted-chebyshev.93-93-112-57.plesk.page\/?page_id=367"},"modified":"2025-03-06T12:24:43","modified_gmt":"2025-03-06T11:24:43","slug":"acreditaciones-especificas-y-convenios","status":"publish","type":"page","link":"https:\/\/distracted-chebyshev.93-93-112-57.plesk.page\/en\/formacion\/acreditaciones-especificas-y-convenios\/","title":{"rendered":"Specific accreditations and agreements"},"content":{"rendered":"<div data-elementor-type=\"wp-page\" data-elementor-id=\"367\" class=\"elementor elementor-367\" data-elementor-post-type=\"page\">\n\t\t\t\t<div class=\"elementor-element elementor-element-c769aa2 e-flex e-con-boxed e-con e-parent\" data-id=\"c769aa2\" data-element_type=\"container\" data-settings=\"{&quot;jet_parallax_layout_list&quot;:[]}\">\n\t\t\t\t\t<div class=\"e-con-inner\">\n\t\t<div class=\"elementor-element elementor-element-81a060b e-flex e-con-boxed e-con e-child\" data-id=\"81a060b\" data-element_type=\"container\" data-settings=\"{&quot;background_background&quot;:&quot;classic&quot;,&quot;jet_parallax_layout_list&quot;:[]}\">\n\t\t\t\t\t<div class=\"e-con-inner\">\n\t\t<div class=\"elementor-element elementor-element-152462a e-con-full e-flex e-con e-child\" data-id=\"152462a\" data-element_type=\"container\" data-settings=\"{&quot;jet_parallax_layout_list&quot;:[]}\">\n\t\t\t\t<div class=\"elementor-element elementor-element-d7e4b41 elementor-widget elementor-widget-text-editor\" data-id=\"d7e4b41\" data-element_type=\"widget\" data-widget_type=\"text-editor.default\">\n\t\t\t\t<div class=\"elementor-widget-container\">\n\t\t\t\t\t\t\t\t\t<p class=\"cmParagraph\">En Quir\u00f3nprevenci\u00f3n disponemos de acreditaci\u00f3n para impartir formaciones espec\u00edficas.<\/p>\t\t\t\t\t\t\t\t<\/div>\n\t\t\t\t<\/div>\n\t\t\t\t<\/div>\n\t\t<div class=\"elementor-element elementor-element-7a10f8d e-con-full e-flex e-con e-child\" data-id=\"7a10f8d\" data-element_type=\"container\" data-settings=\"{&quot;jet_parallax_layout_list&quot;:[]}\">\n\t\t\t\t<div class=\"elementor-element elementor-element-7193a62 elementor-widget elementor-widget-image\" data-id=\"7193a62\" data-element_type=\"widget\" data-widget_type=\"image.default\">\n\t\t\t\t<div class=\"elementor-widget-container\">\n\t\t\t\t\t\t\t\t\t\t\t\t\t\t\t<img fetchpriority=\"high\" decoding=\"async\" width=\"800\" height=\"534\" src=\"https:\/\/distracted-chebyshev.93-93-112-57.plesk.page\/wp-content\/uploads\/2025\/03\/acreditacionesformacion_2025-1024x683.jpg\" class=\"attachment-large size-large wp-image-8782\" alt=\"acreditaciones formaci\u00f3n\" srcset=\"https:\/\/distracted-chebyshev.93-93-112-57.plesk.page\/wp-content\/uploads\/2025\/03\/acreditacionesformacion_2025-1024x683.jpg 1024w, https:\/\/distracted-chebyshev.93-93-112-57.plesk.page\/wp-content\/uploads\/2025\/03\/acreditacionesformacion_2025-300x200.jpg 300w, https:\/\/distracted-chebyshev.93-93-112-57.plesk.page\/wp-content\/uploads\/2025\/03\/acreditacionesformacion_2025-150x100.jpg 150w, https:\/\/distracted-chebyshev.93-93-112-57.plesk.page\/wp-content\/uploads\/2025\/03\/acreditacionesformacion_2025-768x512.jpg 768w, https:\/\/distracted-chebyshev.93-93-112-57.plesk.page\/wp-content\/uploads\/2025\/03\/acreditacionesformacion_2025-1536x1024.jpg 1536w, https:\/\/distracted-chebyshev.93-93-112-57.plesk.page\/wp-content\/uploads\/2025\/03\/acreditacionesformacion_2025-18x12.jpg 18w, https:\/\/distracted-chebyshev.93-93-112-57.plesk.page\/wp-content\/uploads\/2025\/03\/acreditacionesformacion_2025.jpg 1875w\" sizes=\"(max-width: 800px) 100vw, 800px\" \/>\t\t\t\t\t\t\t\t\t\t\t\t\t\t\t<\/div>\n\t\t\t\t<\/div>\n\t\t\t\t<\/div>\n\t\t\t\t\t<\/div>\n\t\t\t\t<\/div>\n\t\t\t\t\t<\/div>\n\t\t\t\t<\/div>\n\t\t<div class=\"elementor-element elementor-element-f73c032 e-flex e-con-boxed e-con e-parent\" data-id=\"f73c032\" data-element_type=\"container\" data-settings=\"{&quot;jet_parallax_layout_list&quot;:[]}\">\n\t\t\t\t\t<div class=\"e-con-inner\">\n\t\t<div class=\"elementor-element elementor-element-877f681 e-flex e-con-boxed e-con e-child\" data-id=\"877f681\" data-element_type=\"container\" data-settings=\"{&quot;background_background&quot;:&quot;classic&quot;,&quot;jet_parallax_layout_list&quot;:[]}\">\n\t\t\t\t\t<div class=\"e-con-inner\">\n\t\t\t\t<div class=\"elementor-element elementor-element-ec45c53 migas-de-pan elementor-widget elementor-widget-shortcode\" data-id=\"ec45c53\" data-element_type=\"widget\" data-widget_type=\"shortcode.default\">\n\t\t\t\t<div class=\"elementor-widget-container\">\n\t\t\t\t\t\t\t<div class=\"elementor-shortcode\">[rank_math_breadcrumb]<\/div>\n\t\t\t\t\t\t<\/div>\n\t\t\t\t<\/div>\n\t\t\t\t\t<\/div>\n\t\t\t\t<\/div>\n\t\t\t\t\t<\/div>\n\t\t\t\t<\/div>\n\t\t<div class=\"elementor-element elementor-element-14bb48c e-flex e-con-boxed e-con e-parent\" data-id=\"14bb48c\" data-element_type=\"container\" data-settings=\"{&quot;jet_parallax_layout_list&quot;:[]}\">\n\t\t\t\t\t<div class=\"e-con-inner\">\n\t\t<div class=\"elementor-element elementor-element-4b1f0d5 e-con-full e-flex e-con e-child\" data-id=\"4b1f0d5\" data-element_type=\"container\" data-settings=\"{&quot;background_background&quot;:&quot;classic&quot;,&quot;jet_parallax_layout_list&quot;:[]}\">\n\t\t\t\t<div class=\"elementor-element elementor-element-19cc2e4 elementor-widget elementor-widget-heading\" data-id=\"19cc2e4\" data-element_type=\"widget\" data-widget_type=\"heading.default\">\n\t\t\t\t<div class=\"elementor-widget-container\">\n\t\t\t\t\t<h2 class=\"elementor-heading-title elementor-size-default\">Formaci\u00f3n TELCO<\/h2>\t\t\t\t<\/div>\n\t\t\t\t<\/div>\n\t\t\t\t<div class=\"elementor-element elementor-element-307b4da elementor-widget elementor-widget-text-editor\" data-id=\"307b4da\" data-element_type=\"widget\" data-widget_type=\"text-editor.default\">\n\t\t\t\t<div class=\"elementor-widget-container\">\n\t\t\t\t\t\t\t\t\t<p>El proyecto Formaci\u00f3n TELCO es un proceso de estandarizaci\u00f3n de los requisitos formativos en materia de Prevenci\u00f3n de Riesgos Laborales (PRL) del Sector de las Telecomunicaciones.<\/p><p>\u00a0<\/p><p>Este programa formativo de capacitaci\u00f3n ser\u00e1 de aplicaci\u00f3n a todos los servicios operativos prestados en el sector de las TELCO por cualquier trabajador de las contratas o subcontratas que lo desarrollen.<\/p>\t\t\t\t\t\t\t\t<\/div>\n\t\t\t\t<\/div>\n\t\t\t\t<\/div>\n\t\t<div class=\"elementor-element elementor-element-f178967 e-con-full e-flex e-con e-child\" data-id=\"f178967\" data-element_type=\"container\" data-settings=\"{&quot;background_background&quot;:&quot;classic&quot;,&quot;jet_parallax_layout_list&quot;:[]}\">\n\t\t\t\t<div class=\"elementor-element elementor-element-97e3ef3 elementor-widget elementor-widget-heading\" data-id=\"97e3ef3\" data-element_type=\"widget\" data-widget_type=\"heading.default\">\n\t\t\t\t<div class=\"elementor-widget-container\">\n\t\t\t\t\t<h2 class=\"elementor-heading-title elementor-size-default\">Norma UNE 58451\n<\/h2>\t\t\t\t<\/div>\n\t\t\t\t<\/div>\n\t\t\t\t<div class=\"elementor-element elementor-element-6609fc0 elementor-widget elementor-widget-text-editor\" data-id=\"6609fc0\" data-element_type=\"widget\" data-widget_type=\"text-editor.default\">\n\t\t\t\t<div class=\"elementor-widget-container\">\n\t\t\t\t\t\t\t\t\tFormaci\u00f3n de Operadores de Carretillas de Manutenci\u00f3n hasta 10.000 Kg (Categor\u00edas I y II), conforme con los requisitos de la norma UNE 58451:2016.\n\n\t\t\t\t\t\t\t\t<\/div>\n\t\t\t\t<\/div>\n\t\t\t\t<\/div>\n\t\t<div class=\"elementor-element elementor-element-4346b1c e-con-full e-flex e-con e-child\" data-id=\"4346b1c\" data-element_type=\"container\" data-settings=\"{&quot;background_background&quot;:&quot;classic&quot;,&quot;jet_parallax_layout_list&quot;:[]}\">\n\t\t\t\t<div class=\"elementor-element elementor-element-b82c236 elementor-widget elementor-widget-heading\" data-id=\"b82c236\" data-element_type=\"widget\" data-widget_type=\"heading.default\">\n\t\t\t\t<div class=\"elementor-widget-container\">\n\t\t\t\t\t<h2 class=\"elementor-heading-title elementor-size-default\">Norma UNE 58923\n<\/h2>\t\t\t\t<\/div>\n\t\t\t\t<\/div>\n\t\t\t\t<div class=\"elementor-element elementor-element-ccecd66 elementor-widget elementor-widget-text-editor\" data-id=\"ccecd66\" data-element_type=\"widget\" data-widget_type=\"text-editor.default\">\n\t\t\t\t<div class=\"elementor-widget-container\">\n\t\t\t\t\t\t\t\t\t<p>Formaci\u00f3n para Operadores de Plataformas M\u00f3viles de Personal para los Tipos 1B, 3A y 3B conforme con los requisitos de la norma UNE 58923:2020.<\/p><p>\u00a0<\/p>\t\t\t\t\t\t\t\t<\/div>\n\t\t\t\t<\/div>\n\t\t\t\t<\/div>\n\t\t<div class=\"elementor-element elementor-element-57aeb2e e-con-full e-flex e-con e-child\" data-id=\"57aeb2e\" data-element_type=\"container\" data-settings=\"{&quot;background_background&quot;:&quot;classic&quot;,&quot;jet_parallax_layout_list&quot;:[]}\">\n\t\t\t\t<div class=\"elementor-element elementor-element-3351591 elementor-widget elementor-widget-heading\" data-id=\"3351591\" data-element_type=\"widget\" data-widget_type=\"heading.default\">\n\t\t\t\t<div class=\"elementor-widget-container\">\n\t\t\t\t\t<h2 class=\"elementor-heading-title elementor-size-default\">Formaci\u00f3n GWO\n<\/h2>\t\t\t\t<\/div>\n\t\t\t\t<\/div>\n\t\t\t\t<div class=\"elementor-element elementor-element-c028134 elementor-widget elementor-widget-text-editor\" data-id=\"c028134\" data-element_type=\"widget\" data-widget_type=\"text-editor.default\">\n\t\t\t\t<div class=\"elementor-widget-container\">\n\t\t\t\t\t\t\t\t\t<p>La certificaci\u00f3n GWO es obligatoria para todos los subcontratistas del sector e\u00f3lico y sus trabajadores.<\/p><p>Esta certificaci\u00f3n es la garant\u00eda de una \u00f3ptima prestaci\u00f3n de servicio en dicha industria, y sin ella no pueden acceder a los servicios contratados con los principales fabricantes y propietarios del sector e\u00f3lico.<\/p>\t\t\t\t\t\t\t\t<\/div>\n\t\t\t\t<\/div>\n\t\t\t\t<\/div>\n\t\t<div class=\"elementor-element elementor-element-5542b58 e-con-full e-flex e-con e-child\" data-id=\"5542b58\" data-element_type=\"container\" data-settings=\"{&quot;background_background&quot;:&quot;classic&quot;,&quot;jet_parallax_layout_list&quot;:[]}\">\n\t\t\t\t<div class=\"elementor-element elementor-element-b4f2836 elementor-widget elementor-widget-heading\" data-id=\"b4f2836\" data-element_type=\"widget\" data-widget_type=\"heading.default\">\n\t\t\t\t<div class=\"elementor-widget-container\">\n\t\t\t\t\t<h2 class=\"elementor-heading-title elementor-size-default\">Formaci\u00f3n convenios: sector construcci\u00f3n\n<\/h2>\t\t\t\t<\/div>\n\t\t\t\t<\/div>\n\t\t\t\t<div class=\"elementor-element elementor-element-02c10bc elementor-widget elementor-widget-text-editor\" data-id=\"02c10bc\" data-element_type=\"widget\" data-widget_type=\"text-editor.default\">\n\t\t\t\t<div class=\"elementor-widget-container\">\n\t\t\t\t\t\t\t\t\tEstamos acreditados ante la FLC para impartir todos los contenidos espec\u00edficos establecidos en el VI Convenio Colectivo General del Sector de la Construcci\u00f3n con \u00e1mbito territorial ESTATAL.\n\n\t\t\t\t\t\t\t\t<\/div>\n\t\t\t\t<\/div>\n\t\t\t\t<\/div>\n\t\t<div class=\"elementor-element elementor-element-9f1f2b6 e-con-full e-flex e-con e-child\" data-id=\"9f1f2b6\" data-element_type=\"container\" data-settings=\"{&quot;background_background&quot;:&quot;classic&quot;,&quot;jet_parallax_layout_list&quot;:[]}\">\n\t\t\t\t<div class=\"elementor-element elementor-element-cc7756f elementor-widget elementor-widget-heading\" data-id=\"cc7756f\" data-element_type=\"widget\" data-widget_type=\"heading.default\">\n\t\t\t\t<div class=\"elementor-widget-container\">\n\t\t\t\t\t<h2 class=\"elementor-heading-title elementor-size-default\">Formaci\u00f3n convenios: sector metal\n<\/h2>\t\t\t\t<\/div>\n\t\t\t\t<\/div>\n\t\t\t\t<div class=\"elementor-element elementor-element-84e9eba elementor-widget elementor-widget-text-editor\" data-id=\"84e9eba\" data-element_type=\"widget\" data-widget_type=\"text-editor.default\">\n\t\t\t\t<div class=\"elementor-widget-container\">\n\t\t\t\t\t\t\t\t\t<p>Contamos con acreditaci\u00f3n ante la FMF para impartir todos los contenidos formativos espec\u00edficos del Sector Metal establecidos en el III Convenio Colectivo Estatal de la industria, la tecnolog\u00eda y los servicios del sector del metal con \u00e1mbito territorial ESTATAL.<\/p><p>\u00a0<\/p>\t\t\t\t\t\t\t\t<\/div>\n\t\t\t\t<\/div>\n\t\t\t\t<\/div>\n\t\t<div class=\"elementor-element elementor-element-af6261d e-con-full e-flex e-con e-child\" data-id=\"af6261d\" data-element_type=\"container\" data-settings=\"{&quot;background_background&quot;:&quot;classic&quot;,&quot;jet_parallax_layout_list&quot;:[]}\">\n\t\t\t\t<div class=\"elementor-element elementor-element-cc388f4 elementor-widget elementor-widget-heading\" data-id=\"cc388f4\" data-element_type=\"widget\" data-widget_type=\"heading.default\">\n\t\t\t\t<div class=\"elementor-widget-container\">\n\t\t\t\t\t<h2 class=\"elementor-heading-title elementor-size-default\">Formaci\u00f3n de Convenios: Sectores Madera y Mueble \u2013 Vidrio y Rotulaci\u00f3n\n<\/h2>\t\t\t\t<\/div>\n\t\t\t\t<\/div>\n\t\t\t\t<div class=\"elementor-element elementor-element-7078bc2 elementor-widget elementor-widget-text-editor\" data-id=\"7078bc2\" data-element_type=\"widget\" data-widget_type=\"text-editor.default\">\n\t\t\t\t<div class=\"elementor-widget-container\">\n\t\t\t\t\t\t\t\t\t<p>Estamos homologados por la Fundaci\u00f3n Laboral de la Construcci\u00f3n, en todo el territorio nacional, para impartir las acciones formativas en materia de prevenci\u00f3n de riesgos laborales recogidas en el Acuerdo sobre el Reglamento de la Tarjeta Profesional de la construcci\u00f3n para el Sector de la Madera y el Mueble y el Sector del Vidrio y Rotulaci\u00f3n.<\/p>\n<p>\u00a0<\/p>\t\t\t\t\t\t\t\t<\/div>\n\t\t\t\t<\/div>\n\t\t\t\t<\/div>\n\t\t<div class=\"elementor-element elementor-element-7b628b4 e-con-full e-flex e-con e-child\" data-id=\"7b628b4\" data-element_type=\"container\" data-settings=\"{&quot;background_background&quot;:&quot;classic&quot;,&quot;jet_parallax_layout_list&quot;:[]}\">\n\t\t\t\t<div class=\"elementor-element elementor-element-4ec3493 elementor-widget elementor-widget-heading\" data-id=\"4ec3493\" data-element_type=\"widget\" data-widget_type=\"heading.default\">\n\t\t\t\t<div class=\"elementor-widget-container\">\n\t\t\t\t\t<h2 class=\"elementor-heading-title elementor-size-default\">Formaci\u00f3n AELEC<\/h2>\t\t\t\t<\/div>\n\t\t\t\t<\/div>\n\t\t\t\t<div class=\"elementor-element elementor-element-8408a96 elementor-widget elementor-widget-text-editor\" data-id=\"8408a96\" data-element_type=\"widget\" data-widget_type=\"text-editor.default\">\n\t\t\t\t<div class=\"elementor-widget-container\">\n\t\t\t\t\t\t\t\t\t<p>Estamos acreditados para impartir formaci\u00f3n con los requisitos y est\u00e1ndares exigidos por AELEC, asegurando una capacitaci\u00f3n de m\u00e1xima calidad y alineada con las necesidades del sector el\u00e9ctrico. <a href=\"https:\/\/distracted-chebyshev.93-93-112-57.plesk.page\/en\/noticias\/quironprevencion-obtiene-la-certificacion-aelec-en-formacion-en-seguridad-para-el-sector-electrico\/\">Read more<\/a><\/p>\t\t\t\t\t\t\t\t<\/div>\n\t\t\t\t<\/div>\n\t\t\t\t<\/div>\n\t\t\t\t\t<\/div>\n\t\t\t\t<\/div>\n\t\t\t\t<\/div>","protected":false},"excerpt":{"rendered":"<p>En Quir\u00f3nprevenci\u00f3n disponemos de acreditaci\u00f3n para impartir formaciones espec\u00edficas. [rank_math_breadcrumb] Formaci\u00f3n TELCO El proyecto Formaci\u00f3n TELCO es un proceso de estandarizaci\u00f3n de los requisitos formativos en materia de Prevenci\u00f3n de Riesgos Laborales (PRL) del Sector de las Telecomunicaciones. \u00a0 Este programa formativo de capacitaci\u00f3n ser\u00e1 de aplicaci\u00f3n a todos los servicios operativos prestados en el [&hellip;]<\/p>","protected":false},"author":1,"featured_media":0,"parent":310,"menu_order":0,"comment_status":"closed","ping_status":"closed","template":"","meta":{"_jf_save_progress":"","footnotes":""},"class_list":["post-367","page","type-page","status-publish","hentry"],"_links":{"self":[{"href":"https:\/\/distracted-chebyshev.93-93-112-57.plesk.page\/en\/wp-json\/wp\/v2\/pages\/367","targetHints":{"allow":["GET"]}}],"collection":[{"href":"https:\/\/distracted-chebyshev.93-93-112-57.plesk.page\/en\/wp-json\/wp\/v2\/pages"}],"about":[{"href":"https:\/\/distracted-chebyshev.93-93-112-57.plesk.page\/en\/wp-json\/wp\/v2\/types\/page"}],"author":[{"embeddable":true,"href":"https:\/\/distracted-chebyshev.93-93-112-57.plesk.page\/en\/wp-json\/wp\/v2\/users\/1"}],"replies":[{"embeddable":true,"href":"https:\/\/distracted-chebyshev.93-93-112-57.plesk.page\/en\/wp-json\/wp\/v2\/comments?post=367"}],"version-history":[{"count":26,"href":"https:\/\/distracted-chebyshev.93-93-112-57.plesk.page\/en\/wp-json\/wp\/v2\/pages\/367\/revisions"}],"predecessor-version":[{"id":8813,"href":"https:\/\/distracted-chebyshev.93-93-112-57.plesk.page\/en\/wp-json\/wp\/v2\/pages\/367\/revisions\/8813"}],"up":[{"embeddable":true,"href":"https:\/\/distracted-chebyshev.93-93-112-57.plesk.page\/en\/wp-json\/wp\/v2\/pages\/310"}],"wp:attachment":[{"href":"https:\/\/distracted-chebyshev.93-93-112-57.plesk.page\/en\/wp-json\/wp\/v2\/media?parent=367"}],"curies":[{"name":"wp","href":"https:\/\/api.w.org\/{rel}","templated":true}]}}