{"id":4313,"date":"2024-05-28T08:50:48","date_gmt":"2024-05-28T06:50:48","guid":{"rendered":"https:\/\/distracted-chebyshev.93-93-112-57.plesk.page\/?page_id=4313"},"modified":"2025-03-18T11:19:25","modified_gmt":"2025-03-18T10:19:25","slug":"politica-de-cookies","status":"publish","type":"page","link":"https:\/\/distracted-chebyshev.93-93-112-57.plesk.page\/en\/politica-de-cookies\/","title":{"rendered":"Cookie Policy"},"content":{"rendered":"<h2 class=\"wp-block-heading\"><strong>\u00bfQu\u00e9 son las cookies?<\/strong><\/h2>\r\n\r\n\r\n\r\n<p>Las cookies y otros dispositivos similares, como p\u00edxeles, web bugs, etc. son archivos de texto o imagen que se instalan en el navegador del usuario cuando este accede a un servicio online.<\/p>\r\n<p>Las cookies son herramientas que tienen un papel esencial para la prestaci\u00f3n de numerosos servicios de la sociedad de la informaci\u00f3n. Entre otros, permiten a una p\u00e1gina web almacenar y recuperar informaci\u00f3n sobre los h\u00e1bitos de navegaci\u00f3n de un usuario o de su equipo y, dependiendo de la informaci\u00f3n obtenida, se pueden utilizar para reconocer al usuario y mejorar el servicio ofrecido.<\/p>\r\n\r\n\r\n\r\n\r\n\r\n<h2 class=\"wp-block-heading\">\u00a0<\/h2>\r\n<h2 class=\"wp-block-heading\"><strong>\u00bfQu\u00e9 tipos de cookies existen?<\/strong><\/h2>\r\n\r\n\r\n\r\n<p>Existen muchos tipos de cookies. A continuaci\u00f3n, ofrecemos al usuario algunas clasificaciones de las mismas, sin que ello implique necesariamente que este servicio utiliza todos estos tipos de cookies:<\/p>\r\n\r\n\r\n\r\n<p><strong>a)\u00a0<\/strong>Seg\u00fan la entidad que gestione el equipo o dominio desde donde se env\u00edan las cookies y trate los datos que se obtengan:<\/p>\r\n\r\n\r\n\r\n<ul>\r\n<li>Cookies propias: son aquellas que se env\u00edan al equipo terminal del usuario desde un equipo o dominio gestionado por el propio editor y desde el que se presta el servicio solicitado por el usuario.<\/li>\r\n<li>\r\n\r\n\u00a0Cookies de terceros: son aquellas que se env\u00edan al equipo terminal del usuario desde un equipo o dominio que no es gestionado por el editor, sino por otra entidad que trata los datos obtenidos trav\u00e9s de las cookies.<\/li>\r\n<\/ul>\r\n\r\n\r\n\r\n<p>&nbsp;<\/p>\r\n<p><strong>b)\u00a0<\/strong>Seg\u00fan el plazo de tiempo que permanecen activadas en el equipo terminal:<\/p>\r\n\r\n\r\n\r\n<ul>\r\n<li>Cookies de sesi\u00f3n: son aquellas dise\u00f1adas para recabar y almacenar datos mientras el usuario accede a una P\u00e1gina Web. Se suelen emplear para almacenar informaci\u00f3n que solo interesa conservar para la prestaci\u00f3n del servicio solicitado por el usuario en una sola ocasi\u00f3n y caducan al cerrar sesi\u00f3n o cerrar el navegador.<\/li>\r\n<li>Cookies persistentes: son aqu\u00e9llas en las que los datos siguen almacenados en el terminal y pueden ser accedidos y tratados durante un periodo definido por el responsable de la cookie, y que puede ir de unos minutos a varios a\u00f1os. Se utilizan para guardar y recuperar ciertos par\u00e1metros cada vez que el usuario visite un servicio.\r\n\r\n<\/li>\r\n<\/ul>\r\n\r\n\r\n\r\n<p>&nbsp;<\/p>\r\n<p><strong>c)\u00a0<\/strong>Seg\u00fan la finalidad para la que se traten los datos obtenidos a trav\u00e9s de las cookies:<\/p>\r\n\r\n\r\n\r\n<ul>\r\n<li>Cookies t\u00e9cnicas: son aquellas que permiten al usuario la navegaci\u00f3n a trav\u00e9s de una p\u00e1gina web, plataforma o aplicaci\u00f3n y la utilizaci\u00f3n de las diferentes opciones o servicios que en ella existan, incluyendo aquellas que el editor utiliza para permitir la gesti\u00f3n y operativa de la p\u00e1gina web y habilitar sus funciones y servicios, como, por ejemplo, controlar el tr\u00e1fico y la comunicaci\u00f3n de datos, identificar la sesi\u00f3n, acceder a partes de acceso restringido, recordar los elementos que integran un pedido, gestionar el pago, controlar el fraude vinculado a la seguridad del servicio, realizar la solicitud de inscripci\u00f3n o participaci\u00f3n en un evento, etc.<\/li>\r\n<li>Cookies de preferencias o personalizaci\u00f3n: son aquellas que permiten recordar informaci\u00f3n para que el usuario acceda al servicio con determinadas caracter\u00edsticas que pueden diferenciar su experiencia de la de otros usuarios, como, por ejemplo, el idioma, el n\u00famero de resultados a mostrar cuando el usuario realiza una b\u00fasqueda, el aspecto o contenido del servicio en funci\u00f3n del tipo de navegador a trav\u00e9s del cual el usuario accede al servicio o de la regi\u00f3n desde la que accede al servicio, etc.<\/li>\r\n<li>Cookies anal\u00edticas o de medici\u00f3n: son aquellas que permiten al responsable de las mismas el seguimiento y an\u00e1lisis del comportamiento de los usuarios de los sitios web a los que est\u00e1n vinculadas, incluida la cuantificaci\u00f3n de los impactos de los anuncios. La informaci\u00f3n recogida mediante este tipo de cookies se utiliza en la medici\u00f3n de la actividad de los sitios web, aplicaci\u00f3n o plataforma, con el fin de introducir mejoras en funci\u00f3n del an\u00e1lisis de los datos de uso que hacen los usuarios del servicio.<\/li>\r\n<li>\u00a0Cookies de publicidad comportamental: son aquellas que almacenan informaci\u00f3n del comportamiento de los usuarios obtenida a trav\u00e9s de la observaci\u00f3n continuada de sus h\u00e1bitos de navegaci\u00f3n, lo que permite desarrollar un perfil espec\u00edfico para mostrar publicidad en funci\u00f3n del mismo.<\/li>\r\n<\/ul>\r\n\r\n\r\n\r\n<p>&nbsp;<\/p>\r\n<p><strong>d)\u00a0<\/strong>Otras tecnolog\u00edas:<\/p>\r\n\r\n\r\n\r\n<ul>\r\n<li>Pixeles, web bugs o trackers: tambi\u00e9n conocidos como p\u00edxeles de rastreo, tracking pixel, pixel tag o p\u00edxeles de conversi\u00f3n, web beacons o balizas web. Son diminutas im\u00e1genes de 1&#215;1 p\u00edxeles transparentes que se insertan en un servicio a fin de realizar mediciones de actividad. Una vez que determinada p\u00e1gina del servicio se carga en un navegador, dicha imagen se cargar\u00e1, pudiendo este dato ser medido. Los p\u00edxeles de seguimiento permiten, generalmente, conocer el recorrido que ha realizado una determinada IP de usuario en un servicio online.<\/li>\r\n<li>Almacenamiento HTML5: consiste en aprovechar las capacidades de la tecnolog\u00eda HTML5 para almacenar en el navegador del usuario determinados par\u00e1metros que pueden ser utilizados para identificar el navegador del mismo.<\/li>\r\n<li>Objetos locales compartidos (LSO): tambi\u00e9n conocidos como \u00abflash cookies\u00bb, consiste en el almacenamiento de informaci\u00f3n sin cookies en el equipo del usuario, aprovechando la tecnolog\u00eda Adobe Flash Player.<\/li>\r\n<li>Etags: se trata de un mecanismo del protocolo HTTP que permite la validaci\u00f3n del cach\u00e9 que el usuario guarda en su navegador de una web. Esta tecnolog\u00eda se usa principalmente para ahorrar ancho de banda, evitando descarga de contenidos por duplicado. No obstante, tambi\u00e9n es posible utilizarla para reconocer el navegador del usuario.<\/li>\r\n<li>Canvas fingerprinting: consiste en la generaci\u00f3n de una forma \u00fanica en el navegador del usuario aprovechando la tecnolog\u00eda del est\u00e1ndar web HTML5 para identificar el equipo del usuario.<\/li>\r\n<li>Detecci\u00f3n de fuentes: esta t\u00e9cnica consiste en identificar la configuraci\u00f3n de fuentes del equipo del usuario para obtener una identificaci\u00f3n \u00fanica del equipo.<\/li>\r\n<li>Cach\u00e9 del navegador: como su propio nombre indica, esta t\u00e9cnica consiste en el almacenaje de informaci\u00f3n en el cach\u00e9 del navegador.<\/li>\r\n<li>WebGL: esta t\u00e9cnica permite aprovechar las capacidades para representar figuras en tres dimensiones de los navegadores modernos para obtener una identificaci\u00f3n \u00fanica del equipo, debido a las diferentes configuraciones de cada un\r\n\r\n\r\n\r\n\r\n\r\n\r\n\r\n\r\n\r\n\r\n\r\n\r\n\r\n<\/li>\r\n<\/ul>\r\n\r\n\r\n\r\n<h2 class=\"wp-block-heading\">\u00a0<\/h2>\r\n<h2 class=\"wp-block-heading\"><strong>\u00bfQu\u00e9 tipos de cookies se utilizan en este sitio web?<\/strong><\/h2>\r\n\r\n\r\n\r\n<p>En concreto, este servicio online utiliza cookies y otros dispositivos similares con las siguientes finalidades:<\/p>\r\n<p>&nbsp;<\/p>\r\n\r\n\r\n\r\n<p><strong>COOKIES ESTRICTAMENTE NECESARIAS<\/strong><\/p>\r\n\r\n\r\n\r\n<p>Estas cookies son necesarias para que el sitio web funcione y no se pueden desactivar en nuestros sistemas. Usualmente est\u00e1n configuradas para responder a acciones hechas por usted para recibir servicios, tales como ajustar sus preferencias de privacidad, iniciar sesi\u00f3n en el sitio, o llenar formularios. Usted puede configurar su navegador para bloquear o alertar la presencia de estas cookies, pero algunas partes del sitio web no funcionar\u00e1n. Estas cookies no guardan ninguna informaci\u00f3n personal identificable.<\/p>\r\n\r\n\r\n\r\n<figure class=\"wp-block-table\">\r\n<table>\r\n<thead>\r\n<tr>\r\n<th>Subgrupo de cookies<\/th>\r\n<th>Cookies<\/th>\r\n<th>Cookies utilizadas<\/th>\r\n<\/tr>\r\n<\/thead>\r\n<tbody>\r\n<tr>\r\n<td>.quironprevencion.com<\/td>\r\n<td><a href=\"https:\/\/cookiepedia.co.uk\/cookies\/OptanonConsent\" target=\"_blank\" rel=\"noreferrer noopener\">OptanonConsent<\/a>,\u00a0<a href=\"https:\/\/cookiepedia.co.uk\/cookies\/OptanonAlertBoxClosed\" target=\"_blank\" rel=\"noreferrer noopener\">OptanonAlertBoxClosed<\/a><\/td>\r\n<td>1st Party<\/td>\r\n<\/tr>\r\n<tr>\r\n<td>campus.quironprevencion.com<\/td>\r\n<td><a href=\"https:\/\/cookiepedia.co.uk\/cookies\/ASP.NET_SessionId\" target=\"_blank\" rel=\"noreferrer noopener\">ASP.NET_SessionId<\/a>,\u00a0<a href=\"https:\/\/cookiepedia.co.uk\/cookies\/_utmv#########\" target=\"_blank\" rel=\"noreferrer noopener\">_utmv#########<\/a>,\u00a0<a href=\"https:\/\/cookiepedia.co.uk\/cookies\/session\" target=\"_blank\" rel=\"noreferrer noopener\">session<\/a><\/td>\r\n<td>1st Party<\/td>\r\n<\/tr>\r\n<tr>\r\n<td>www.quironprevencion.com<\/td>\r\n<td><a href=\"https:\/\/cookiepedia.co.uk\/cookies\/JSESSIONID\" target=\"_blank\" rel=\"noreferrer noopener\">JSESSIONID<\/a>,\u00a0<a href=\"https:\/\/cookiepedia.co.uk\/cookies\/proxia-error\" target=\"_blank\" rel=\"noreferrer noopener\">proxia-error<\/a>,\u00a0<a href=\"https:\/\/cookiepedia.co.uk\/cookies\/PROXIASESSIONID\" target=\"_blank\" rel=\"noreferrer noopener\">PROXIASESSIONID<\/a><\/td>\r\n<td>1st Party<\/td>\r\n<\/tr>\r\n<\/tbody>\r\n<\/table>\r\n<\/figure>\r\n\r\n\r\n\r\n<p>&nbsp;<\/p>\r\n<p><strong>COOKIES DE PREFERENCIAS O PERSONALIZACI\u00d3N<\/strong><\/p>\r\n\r\n\r\n\r\n<p>Estas cookies permiten que el sitio ofrezca una mejor funcionalidad y personalizaci\u00f3n. Pueden ser establecidas por nosotros o por terceras partes cuyos servicios hemos agregado a nuestras p\u00e1ginas. Si no permite estas cookies algunos de nuestros servicios no funcionar\u00e1n correctamente.<\/p>\r\n\r\n\r\n\r\n<figure class=\"wp-block-table\">\r\n<table>\r\n<thead>\r\n<tr>\r\n<th>Subgrupo de cookies<\/th>\r\n<th>Cookies<\/th>\r\n<th>Cookies utilizadas<\/th>\r\n<\/tr>\r\n<\/thead>\r\n<tbody>\r\n<tr>\r\n<td>campus.quironprevencion.com<\/td>\r\n<td><a href=\"https:\/\/cookiepedia.co.uk\/cookies\/UPCCulture\" target=\"_blank\" rel=\"noreferrer noopener\">UPCCulture<\/a><\/td>\r\n<td>1st Party<\/td>\r\n<\/tr>\r\n<\/tbody>\r\n<\/table>\r\n<\/figure>\r\n\r\n\r\n\r\n<p>&nbsp;<\/p>\r\n<p><strong>COOKIES ANAL\u00cdTICAS O DE MEDICI\u00d3N<\/strong><\/p>\r\n\r\n\r\n\r\n<p>Estas cookies nos permiten contar las visitas y fuentes de circulaci\u00f3n para poder medir y mejorar el desempe\u00f1o de nuestro sitio. Nos ayudan a saber qu\u00e9 p\u00e1ginas son las m\u00e1s o menos populares, y ver cu\u00e1ntas personas visitan el sitio. Toda la informaci\u00f3n que recogen estas cookies es agregada y, por lo tanto, an\u00f3nima. Si no permite estas cookies no sabremos cu\u00e1ndo visit\u00f3 nuestro sitio.<\/p>\r\n\r\n\r\n\r\n<figure class=\"wp-block-table\">\r\n<table>\r\n<thead>\r\n<tr>\r\n<th>Subgrupo de cookies<\/th>\r\n<th>Cookies<\/th>\r\n<th>Cookies utilizadas<\/th>\r\n<\/tr>\r\n<\/thead>\r\n<tbody>\r\n<tr>\r\n<td>campus.quironprevencion.com<\/td>\r\n<td><a href=\"https:\/\/cookiepedia.co.uk\/cookies\/__utmb\" target=\"_blank\" rel=\"noreferrer noopener\">__utmb<\/a>,\u00a0<a href=\"https:\/\/cookiepedia.co.uk\/cookies\/__utma\" target=\"_blank\" rel=\"noreferrer noopener\">__utma<\/a>,\u00a0<a href=\"https:\/\/cookiepedia.co.uk\/cookies\/__utmz\" target=\"_blank\" rel=\"noreferrer noopener\">__utmz<\/a>,\u00a0<a href=\"https:\/\/cookiepedia.co.uk\/cookies\/__utmt_account0\" target=\"_blank\" rel=\"noreferrer noopener\">__utmt_account0<\/a>,\u00a0<a href=\"https:\/\/cookiepedia.co.uk\/cookies\/__utmc\" target=\"_blank\" rel=\"noreferrer noopener\">__utmc<\/a><\/td>\r\n<td>1st Party<\/td>\r\n<\/tr>\r\n<tr>\r\n<td>quironprevencion.com<\/td>\r\n<td><a href=\"https:\/\/cookiepedia.co.uk\/cookies\/_ga\" target=\"_blank\" rel=\"noreferrer noopener\">_ga<\/a>,\u00a0<a href=\"https:\/\/cookiepedia.co.uk\/cookies\/_gat_UA-\" target=\"_blank\" rel=\"noreferrer noopener\">_gat_UA-<\/a>,\u00a0<a href=\"https:\/\/cookiepedia.co.uk\/cookies\/_gid\" target=\"_blank\" rel=\"noreferrer noopener\">_gid<\/a><\/td>\r\n<td>1st Party<\/td>\r\n<\/tr>\r\n<tr>\r\n<td><a href=\"https:\/\/cookiepedia.co.uk\/host\/nr-data.net\" target=\"_blank\" rel=\"noreferrer noopener\">nr-data.net<\/a><\/td>\r\n<td>JSESSIONID<\/td>\r\n<td>3rd Party<\/td>\r\n<\/tr>\r\n<\/tbody>\r\n<\/table>\r\n<\/figure>\r\n\r\n\r\n\r\n<p>&nbsp;<\/p>\r\n<p><strong>COOKIES DE PUBLICIDAD COMPORTAMENTAL<\/strong><\/p>\r\n\r\n\r\n\r\n<p>Estas cookies pueden estar en todo el sitio web, colocadas por nuestros socios publicitarios. Estos negocios pueden utilizarlas para crear un perfil de sus intereses y mostrarle anuncios relevantes en otros sitios. No almacenan informaci\u00f3n personal directamente, sino que se basan en la identificaci\u00f3n \u00fanica de su navegador y dispositivo de acceso al Internet. Si no permite estas cookies, tendr\u00e1 menos publicidad dirigida.<\/p>\r\n\r\n\r\n\r\n<figure class=\"wp-block-table\">\r\n<table>\r\n<thead>\r\n<tr>\r\n<th>Subgrupo de cookies<\/th>\r\n<th>Cookies<\/th>\r\n<th>Cookies utilizadas<\/th>\r\n<\/tr>\r\n<\/thead>\r\n<tbody>\r\n<tr>\r\n<td><a href=\"https:\/\/cookiepedia.co.uk\/host\/ads.linkedin.com\" target=\"_blank\" rel=\"noreferrer noopener\">ads.linkedin.com<\/a><\/td>\r\n<td>lang<\/td>\r\n<td>3rd Party<\/td>\r\n<\/tr>\r\n<tr>\r\n<td><a href=\"https:\/\/cookiepedia.co.uk\/host\/adform.net\" target=\"_blank\" rel=\"noreferrer noopener\">adform.net<\/a><\/td>\r\n<td>uid, _fbp, C<\/td>\r\n<td>3rd Party<\/td>\r\n<\/tr>\r\n<tr>\r\n<td><a href=\"https:\/\/cookiepedia.co.uk\/host\/doubleclick.net\" target=\"_blank\" rel=\"noreferrer noopener\">doubleclick.net<\/a><\/td>\r\n<td>IDE, test_cookie<\/td>\r\n<td>3rd Party<\/td>\r\n<\/tr>\r\n<tr>\r\n<td><a href=\"https:\/\/cookiepedia.co.uk\/host\/facebook.com\" target=\"_blank\" rel=\"noreferrer noopener\">facebook.com<\/a><\/td>\r\n<td>fr<\/td>\r\n<td>3rd Party<\/td>\r\n<\/tr>\r\n<tr>\r\n<td><a href=\"https:\/\/cookiepedia.co.uk\/host\/www.facebook.com\" target=\"_blank\" rel=\"noreferrer noopener\">www.facebook.com<\/a><\/td>\r\n<td>\u00a0<\/td>\r\n<td>3rd Party<\/td>\r\n<\/tr>\r\n<tr>\r\n<td><a href=\"https:\/\/cookiepedia.co.uk\/host\/youtube.com\" target=\"_blank\" rel=\"noreferrer noopener\">youtube.com<\/a><\/td>\r\n<td>YSC, GPS, VISITOR_INFO1_LIVE<\/td>\r\n<td>3rd Party<\/td>\r\n<\/tr>\r\n<tr>\r\n<td><a href=\"https:\/\/cookiepedia.co.uk\/host\/linkedin.com\" target=\"_blank\" rel=\"noreferrer noopener\">linkedin.com<\/a><\/td>\r\n<td>lissc, lidc, li_gc, bcookie<\/td>\r\n<td>3rd Party<\/td>\r\n<\/tr>\r\n<\/tbody>\r\n<\/table>\r\n<\/figure>\r\n\r\n\r\n\r\n<p><strong>(*) Proveedores no ubicados en la Uni\u00f3n Europea ni en pa\u00edses con legislaci\u00f3n equivalente en materia de protecci\u00f3n de datos<\/strong><\/p>\r\n\r\n\r\n\r\n<p>La informaci\u00f3n obtenida a trav\u00e9s de estas cookies se almacena en servidores de Google, ubicados en Estados Unidos, pa\u00eds cuya legislaci\u00f3n no garantiza un nivel adecuado de protecci\u00f3n de datos a criterio de las autoridades europeas. Al consentir el uso de estas cookies, usted consiente tambi\u00e9n la transferencia internacional de sus datos personales a Google en Estados Unidos.<\/p>\r\n\r\n\r\n\r\n<p><strong>Google:<\/strong>puede evitar la instalaci\u00f3n de cookies de Google Analytics con la siguiente\u00a0<a href=\"https:\/\/tools.google.com\/dlpage\/gaoptout?hl=de%3Cbr\" target=\"_blank\" rel=\"noreferrer noopener\">extensi\u00f3n<\/a>\u00a0para su navegador.<\/p>\r\n\r\n\r\n\r\n<h2 class=\"wp-block-heading\">\u00a0<\/h2>\r\n<h2 class=\"wp-block-heading\"><strong>\u00bfC\u00f3mo deshabilitar o eliminar las cookies?<\/strong><\/h2>\r\n\r\n\r\n\r\n<p>Al acceder al servicio por primera vez, el usuario ver\u00e1 un aviso de cookies en el que se le informar\u00e1 de que puede aceptar o rechazar el uso de cookies mediante el centro de configuraci\u00f3n de cookies que ponemos a su disposici\u00f3n. Asimismo, tambi\u00e9n podr\u00e1 acceder al centro de configuraci\u00f3n de cookies desde el bot\u00f3n\u00a0<em>Configuraci\u00f3n de cookies<\/em>\u00a0que aparece al principio de esta pol\u00edtica de cookies.<\/p>\r\n\r\n\r\n\r\n<p>En caso de que el usuario hubiese prestado su consentimiento, en cualquier momento podr\u00e1 deshabilitar o eliminar las cookies enunciadas a trav\u00e9s del centro de configuraci\u00f3n de cookies o a trav\u00e9s de la configuraci\u00f3n de las opciones del navegador utilizado en su dispositivo o terminal.<\/p>\r\n\r\n\r\n\r\n<p>No obstante, el usuario debe tener en cuenta que, si rechaza o borra las cookies, no podremos mantener sus preferencias y algunas caracter\u00edsticas no estar\u00e1n operativas, por lo que no podremos ofrecerle servicios personalizados y cada vez que vayan a utilizar el servicio figurar\u00e1 como un nuevo usuario al que se le solicitar\u00e1 su autorizaci\u00f3n para el uso de cookies.<\/p>\r\n\r\n\r\n\r\n<p>A continuaci\u00f3n, ofrecemos enlaces en los que el usuario encontrar\u00e1 informaci\u00f3n sobre c\u00f3mo desactivar las cookies y similares en los principales navegadores:<\/p>\r\n\r\n\r\n\r\n<ul class=\"wp-block-list\">\r\n<li><a href=\"https:\/\/support.google.com\/chrome\/bin\/answer.py?hl=es&amp;answer=95647\" target=\"_blank\" rel=\"noreferrer noopener\">Configuraci\u00f3n de cookies para Google Chrome<\/a><\/li>\r\n\r\n\r\n\r\n<li><a href=\"https:\/\/support.mozilla.org\/es\/kb\/cookies-informacion-que-los-sitios-web-guardan-en-?redirectlocale=en-US&amp;redirectslug=Cookies\" target=\"_blank\" rel=\"noreferrer noopener\">Configuraci\u00f3n de cookies para Mozilla Firefox<\/a><\/li>\r\n\r\n\r\n\r\n<li><a href=\"https:\/\/support.microsoft.com\/es-es\/help\/278835\/how-to-delete-cookie-files-in-internet-explorer\" target=\"_blank\" rel=\"noreferrer noopener\">Configuraci\u00f3n de cookies para Internet Explorer<\/a><\/li>\r\n\r\n\r\n\r\n<li><a href=\"https:\/\/support.apple.com\/kb\/HT1677?viewlocale=es_ES\" target=\"_blank\" rel=\"noreferrer noopener\">Configuraci\u00f3n de cookies para Safari<\/a><\/li>\r\n<\/ul>\r\n\r\n\r\n\r\n<h2 class=\"wp-block-heading\">\u00a0<\/h2>\r\n<h2 class=\"wp-block-heading\"><strong>\u00bfC\u00f3mo afecta el uso de cookies a la protecci\u00f3n de los datos personales del usuario?<\/strong><\/h2>\r\n\r\n\r\n\r\n<p>La mayor\u00eda de las cookies recopilan informaci\u00f3n an\u00f3nima, que no permite obtener la identidad del usuario, si bien algunos de los c\u00f3digos que se incluyen sirven para singularizar o individualizar al navegador de su dispositivo utilizado, pudiendo ser de aplicaci\u00f3n la normativa en materia de protecci\u00f3n de datos personales. Por ello, le informamos de que la informaci\u00f3n que se obtiene por medio de las cookies, ser\u00e1 tratada con las finalidades indicadas en la presente Pol\u00edtica de Cookies. Asimismo, est\u00e1 informaci\u00f3n tambi\u00e9n ser\u00e1 tratada por aquellas empresas que proveen cookies con la finalidad indicada en sus respectivas pol\u00edticas de privacidad.<\/p>\r\n\r\n\r\n\r\n<p>No obstante, teniendo en cuenta que estos c\u00f3digos no permiten la identificaci\u00f3n del Usuario, no ser\u00e1n aplicables los derechos de acceso, rectificaci\u00f3n, supresi\u00f3n, oposici\u00f3n, limitaci\u00f3n o portabilidad reconocidos en la normativa de protecci\u00f3n de datos, salvo que el Usuario sea capaz de aportar informaci\u00f3n adicional que permita vincular su identidad con los c\u00f3digos identificativos de sus cookies.<\/p>\r\n\r\n\r\n\r\n<p>En caso de considerar vulnerado su derecho a la protecci\u00f3n de datos, el usuario podr\u00e1 presentar una reclamaci\u00f3n ante la Agencia Espa\u00f1ola de Protecci\u00f3n de Datos (<a href=\"http:\/\/www.aepd.es\/\" target=\"_blank\" rel=\"noreferrer noopener\">www.aepd.es<\/a>) [o ante el Delegado de Protecci\u00f3n de Datos (<a href=\"mailto:DPO@quironprevencion.com\" target=\"_blank\" rel=\"noreferrer noopener\">DPO@quironprevencion.com<\/a>).<\/p>","protected":false},"excerpt":{"rendered":"<p>\u00bfQu\u00e9 son las cookies? Las cookies y otros dispositivos similares, como p\u00edxeles, web bugs, etc. son archivos de texto o imagen que se instalan en el navegador del usuario cuando este accede a un servicio online. Las cookies son herramientas que tienen un papel esencial para la prestaci\u00f3n de numerosos servicios de la sociedad de [&hellip;]<\/p>","protected":false},"author":1,"featured_media":0,"parent":0,"menu_order":0,"comment_status":"closed","ping_status":"closed","template":"","meta":{"_jf_save_progress":"","footnotes":""},"class_list":["post-4313","page","type-page","status-publish","hentry"],"_links":{"self":[{"href":"https:\/\/distracted-chebyshev.93-93-112-57.plesk.page\/en\/wp-json\/wp\/v2\/pages\/4313","targetHints":{"allow":["GET"]}}],"collection":[{"href":"https:\/\/distracted-chebyshev.93-93-112-57.plesk.page\/en\/wp-json\/wp\/v2\/pages"}],"about":[{"href":"https:\/\/distracted-chebyshev.93-93-112-57.plesk.page\/en\/wp-json\/wp\/v2\/types\/page"}],"author":[{"embeddable":true,"href":"https:\/\/distracted-chebyshev.93-93-112-57.plesk.page\/en\/wp-json\/wp\/v2\/users\/1"}],"replies":[{"embeddable":true,"href":"https:\/\/distracted-chebyshev.93-93-112-57.plesk.page\/en\/wp-json\/wp\/v2\/comments?post=4313"}],"version-history":[{"count":4,"href":"https:\/\/distracted-chebyshev.93-93-112-57.plesk.page\/en\/wp-json\/wp\/v2\/pages\/4313\/revisions"}],"predecessor-version":[{"id":4408,"href":"https:\/\/distracted-chebyshev.93-93-112-57.plesk.page\/en\/wp-json\/wp\/v2\/pages\/4313\/revisions\/4408"}],"wp:attachment":[{"href":"https:\/\/distracted-chebyshev.93-93-112-57.plesk.page\/en\/wp-json\/wp\/v2\/media?parent=4313"}],"curies":[{"name":"wp","href":"https:\/\/api.w.org\/{rel}","templated":true}]}}